{"id":2036,"date":"2025-05-27T15:27:04","date_gmt":"2025-05-27T11:27:04","guid":{"rendered":"https:\/\/www.mn-technology.com\/?post_type=product&#038;p=2036"},"modified":"2025-05-27T15:27:04","modified_gmt":"2025-05-27T11:27:04","slug":"gigablue-dual-twin-dvb-c-t2-tuner-pro","status":"publish","type":"product","link":"https:\/\/www.mn-technology.com\/index.php\/product\/gigablue-dual-twin-dvb-c-t2-tuner-pro\/","title":{"rendered":"\u062a\u064a\u0648\u0646\u0631 \u0623\u0631\u0636\u064a \u062a\u0648\u064a\u0646 \u0644\u0631\u0633\u064a\u0641\u0631 \u062c\u064a\u062c\u0627\u0628\u0644\u0648 \u0643\u0648\u0627\u062f \u0628\u0631\u0648 \u0641\u0648\u0631\u0643\u064a GigaBlue Dual\/Twin DVB-C\/T2 Tuner PRO"},"content":{"rendered":"<p>\u0645\u0639\u0644\u0648\u0645\u0627\u062a \u0627\u0644\u0645\u0646\u062a\u062c &#8220;GigaBlue Dual\/Twin DVB-C\/T2 Tuner PRO&#8221;<br \/>\n\u0645\u0648\u0627\u0635\u0641\u0627\u062a \u0627\u0644\u0645\u0646\u062a\u062c: \u0645\u0648\u0627\u0644\u0641 \u0627\u062e\u062a\u064a\u0627\u0631\u064a \u0644\u0644\u062a\u0648\u0635\u064a\u0644 \u0648\u0627\u0644\u062a\u0634\u063a\u064a\u0644 \u0627\u0644\u0645\u0632\u062f\u0648\u062c\/\u0627\u0644\u062a\u0648\u0623\u0645 DVB-C\/T2 Pro<\/p>\n<p>\u062a\u0645 \u062a\u0635\u0645\u064a\u0645 \u0647\u0630\u0627 \u0627\u0644\u0645\u0648\u0627\u0644\u0641 \u0627\u0644\u0627\u062e\u062a\u064a\u0627\u0631\u064a \u0644\u0644\u062a\u0648\u0635\u064a\u0644 \u0648\u0627\u0644\u062a\u0634\u063a\u064a\u0644 \u062e\u0635\u064a\u0635\u064b\u0627 \u0644\u0637\u0631\u0627\u0632 GigaBlue UHD Quad 4K PRO. \u064a\u062f\u0639\u0645 \u0627\u0644\u0645\u0648\u0627\u0644\u0641 \u0627\u0644\u0645\u0632\u062f\u0648\u062c\/\u0627\u0644\u0645\u0632\u062f\u0648\u062c DVB-C (\u0643\u0627\u0628\u0644) \u0628\u0627\u0644\u0625\u0636\u0627\u0641\u0629 \u0625\u0644\u0649 \u0625\u0634\u0627\u0631\u0629 DVB-T2 (\u0627\u0644\u0623\u0631\u0636\u064a\u0629) \u0648\u064a\u0648\u0641\u0631 \u0627\u0644\u062d\u062f \u0627\u0644\u0623\u0642\u0635\u0649 \u0645\u0646 \u0627\u0644\u0645\u0631\u0648\u0646\u0629 \u0636\u0645\u0646 \u0628\u0631\u0646\u0627\u0645\u062c \u062a\u0634\u063a\u064a\u0644 \u0627\u0644\u0628\u0631\u0627\u0645\u062c.<\/p>\n<p>\u0645\u0639 \u0647\u0630\u0647 \u0627\u0644\u0645\u064a\u0632\u0629\u060c \u064a\u0645\u0643\u0646 \u0623\u0646 \u064a\u0642\u0648\u0645 Tuner \u0628\u062a\u0644\u062e\u064a\u0635 \u0623\u0648\u0642\u0627\u062a \u0645\u062e\u062a\u0644\u0641\u0629 \u0645\u0646 \u0627\u0644\u0645\u0631\u0633\u0644 \u0625\u0644\u0649 \u0625\u0631\u0633\u0627\u0644\u0647 \u0623\u0648 \u0625\u0631\u0633\u0627\u0644\u0647 \u0645\u0631\u0629 \u0623\u062e\u0631\u0649\u060c \u062d\u064a\u062b \u064a\u062a\u0645 \u0625\u0631\u0633\u0627\u0644 \u0622\u062e\u0631 \u0645\u0631\u0629. \u0628\u0641\u0636\u0644 \u0633\u0647\u0648\u0644\u0629 \u0627\u0644\u062a\u062b\u0628\u064a\u062a\u060c \u064a\u062a\u0645 \u062a\u0648\u0641\u064a\u0631 \u0645\u064a\u0632\u0629 \u0627\u0644\u062a\u0648\u0635\u064a\u0644 \u0648\u0627\u0644\u062a\u0634\u063a\u064a\u0644 \u0644\u0644\u0645\u0648\u0627\u0644\u0641 \u0628\u0633\u0647\u0648\u0644\u0629 \u0648\u064a\u0633\u0631 \u0628\u0627\u0633\u062a\u062e\u062f\u0627\u0645 \u0627\u0644\u062c\u0647\u0627\u0632 \u0627\u0644\u0623\u0645\u062b\u0644.<\/p>\n<p>\u0647\u0627\u0648\u0628\u062a\u0645\u064a\u0631\u0643\u0645\u0627\u0644:<\/p>\n<p>\u0627\u0644\u062a\u0648\u0627\u0641\u0642: Passend for GigaBlue UHD Quad 4K PRO<br \/>\n\u0645\u062b\u0627\u0644: \u062f\u0639\u0645 \u0645\u0639\u0627\u064a\u064a\u0631 DVB-C \u0648DVB-T2<br \/>\n\u0648\u0638\u064a\u0641\u0629 \u0645\u0632\u062f\u0648\u062c\u0629: Gleichzeitiger Empfang und Aufnahme von zwei Kan\u00e4len<br \/>\n\u062a\u062b\u0628\u064a\u062a Einfache: \u0627\u0644\u062a\u0648\u0635\u064a\u0644 \u0648\u0627\u0644\u062a\u0634\u063a\u064a\u0644<\/p>\n<p>&nbsp;<\/p>\n<p>Produktinformationen &#8220;GigaBlue Dual\/Twin DVB-C\/T2 Tuner PRO&#8221;<br \/>\nProduktbeschreibung: Optionaler Plug-and-Play Dual\/Twin DVB-C\/T2 Pro Tuner<\/p>\n<p>Dieser optionale Plug-and-Play Tuner wurde speziell f\u00fcr das Modell GigaBlue UHD Quad 4K PRO entwickelt. The Dual-\/Twin-Tuner unterst\u00fctzt sowohl DVB-C (Kabel) also with DVB-T2 (terrestrisch) Signale and erm\u00f6glicht somit maximumale Flexibilit\u00e4t beim Empfang Ihrer Lieblingsprogramme.<\/p>\n<p>There are many different types of tuners that can be used to send a new one to another, and then send it back to you. This installation feature also includes Plug-and-Play-L\u00f6sung and the Tuner screen is optimized and optimized.<\/p>\n<p>Hauptmerkmale:<\/p>\n<p>Options: Passend for GigaBlue UHD Quad 4K PRO<br \/>\nEmpfang: Unterst\u00fctzt DVB-C and DVB-T2 Standards<br \/>\nTwin-Funktion: Fast and easy operation<br \/>\nEinfache Installation: Plug-and-Play<br \/>\nUse this Modell to use a Tuner and a newer version that allows you to Flexible and Comfortable.<\/p>\n","protected":false},"excerpt":{"rendered":"<p>\u0645\u0639\u0644\u0648\u0645\u0627\u062a \u0627\u0644\u0645\u0646\u062a\u062c &#8220;GigaBlue Dual\/Twin DVB-C\/T2 Tuner PRO&#8221; \u0645\u0648\u0627\u0635\u0641\u0627\u062a \u0627\u0644\u0645\u0646\u062a\u062c: \u0645\u0648\u0627\u0644\u0641 \u0627\u062e\u062a\u064a\u0627\u0631\u064a \u0644\u0644\u062a\u0648\u0635\u064a\u0644 \u0648\u0627\u0644\u062a\u0634\u063a\u064a\u0644 \u0627\u0644\u0645\u0632\u062f\u0648\u062c\/\u0627\u0644\u062a\u0648\u0623\u0645 DVB-C\/T2 Pro \u062a\u0645 \u062a\u0635\u0645\u064a\u0645 \u0647\u0630\u0627 \u0627\u0644\u0645\u0648\u0627\u0644\u0641 \u0627\u0644\u0627\u062e\u062a\u064a\u0627\u0631\u064a \u0644\u0644\u062a\u0648\u0635\u064a\u0644 \u0648\u0627\u0644\u062a\u0634\u063a\u064a\u0644 \u062e\u0635\u064a\u0635\u064b\u0627 \u0644\u0637\u0631\u0627\u0632 GigaBlue UHD Quad 4K PRO. \u064a\u062f\u0639\u0645 \u0627\u0644\u0645\u0648\u0627\u0644\u0641 \u0627\u0644\u0645\u0632\u062f\u0648\u062c\/\u0627\u0644\u0645\u0632\u062f\u0648\u062c DVB-C (\u0643\u0627\u0628\u0644) \u0628\u0627\u0644\u0625\u0636\u0627\u0641\u0629 \u0625\u0644\u0649 \u0625\u0634\u0627\u0631\u0629 DVB-T2 (\u0627\u0644\u0623\u0631\u0636\u064a\u0629) \u0648\u064a\u0648\u0641\u0631 \u0627\u0644\u062d\u062f \u0627\u0644\u0623\u0642\u0635\u0649 \u0645\u0646 \u0627\u0644\u0645\u0631\u0648\u0646\u0629 \u0636\u0645\u0646 \u0628\u0631\u0646\u0627\u0645\u062c \u062a\u0634\u063a\u064a\u0644 \u0627\u0644\u0628\u0631\u0627\u0645\u062c. \u0645\u0639 \u0647\u0630\u0647 \u0627\u0644\u0645\u064a\u0632\u0629\u060c \u064a\u0645\u0643\u0646 \u0623\u0646 \u064a\u0642\u0648\u0645 [&hellip;]<\/p>\n","protected":false},"featured_media":2037,"comment_status":"open","ping_status":"closed","template":"","meta":{"_eb_attr":"","_monsterinsights_skip_tracking":false,"_monsterinsights_sitenote_active":false,"_monsterinsights_sitenote_note":"","_monsterinsights_sitenote_category":0},"product_cat":[207],"product_tag":[184],"yoast_head":"<!-- This site is optimized with the Yoast SEO plugin v20.12 - https:\/\/yoast.com\/wordpress\/plugins\/seo\/ -->\n<title>\u062a\u064a\u0648\u0646\u0631 \u0623\u0631\u0636\u064a \u062a\u0648\u064a\u0646 \u0644\u0631\u0633\u064a\u0641\u0631 \u062c\u064a\u062c\u0627\u0628\u0644\u0648 \u0643\u0648\u0627\u062f \u0628\u0631\u0648 \u0641\u0648\u0631\u0643\u064a GigaBlue Dual\/Twin DVB-C\/T2 Tuner PRO - M N Technology<\/title>\n<meta name=\"robots\" content=\"index, follow, max-snippet:-1, max-image-preview:large, max-video-preview:-1\" \/>\n<link rel=\"canonical\" href=\"https:\/\/www.mn-technology.com\/index.php\/product\/gigablue-dual-twin-dvb-c-t2-tuner-pro\/\" \/>\n<meta property=\"og:locale\" content=\"ar_AR\" \/>\n<meta property=\"og:type\" content=\"article\" \/>\n<meta property=\"og:title\" content=\"\u062a\u064a\u0648\u0646\u0631 \u0623\u0631\u0636\u064a \u062a\u0648\u064a\u0646 \u0644\u0631\u0633\u064a\u0641\u0631 \u062c\u064a\u062c\u0627\u0628\u0644\u0648 \u0643\u0648\u0627\u062f \u0628\u0631\u0648 \u0641\u0648\u0631\u0643\u064a GigaBlue Dual\/Twin DVB-C\/T2 Tuner PRO - M N Technology\" \/>\n<meta property=\"og:description\" content=\"\u0645\u0639\u0644\u0648\u0645\u0627\u062a \u0627\u0644\u0645\u0646\u062a\u062c &#8220;GigaBlue Dual\/Twin DVB-C\/T2 Tuner PRO&#8221; \u0645\u0648\u0627\u0635\u0641\u0627\u062a \u0627\u0644\u0645\u0646\u062a\u062c: \u0645\u0648\u0627\u0644\u0641 \u0627\u062e\u062a\u064a\u0627\u0631\u064a \u0644\u0644\u062a\u0648\u0635\u064a\u0644 \u0648\u0627\u0644\u062a\u0634\u063a\u064a\u0644 \u0627\u0644\u0645\u0632\u062f\u0648\u062c\/\u0627\u0644\u062a\u0648\u0623\u0645 DVB-C\/T2 Pro \u062a\u0645 \u062a\u0635\u0645\u064a\u0645 \u0647\u0630\u0627 \u0627\u0644\u0645\u0648\u0627\u0644\u0641 \u0627\u0644\u0627\u062e\u062a\u064a\u0627\u0631\u064a \u0644\u0644\u062a\u0648\u0635\u064a\u0644 \u0648\u0627\u0644\u062a\u0634\u063a\u064a\u0644 \u062e\u0635\u064a\u0635\u064b\u0627 \u0644\u0637\u0631\u0627\u0632 GigaBlue UHD Quad 4K PRO. \u064a\u062f\u0639\u0645 \u0627\u0644\u0645\u0648\u0627\u0644\u0641 \u0627\u0644\u0645\u0632\u062f\u0648\u062c\/\u0627\u0644\u0645\u0632\u062f\u0648\u062c DVB-C (\u0643\u0627\u0628\u0644) \u0628\u0627\u0644\u0625\u0636\u0627\u0641\u0629 \u0625\u0644\u0649 \u0625\u0634\u0627\u0631\u0629 DVB-T2 (\u0627\u0644\u0623\u0631\u0636\u064a\u0629) \u0648\u064a\u0648\u0641\u0631 \u0627\u0644\u062d\u062f \u0627\u0644\u0623\u0642\u0635\u0649 \u0645\u0646 \u0627\u0644\u0645\u0631\u0648\u0646\u0629 \u0636\u0645\u0646 \u0628\u0631\u0646\u0627\u0645\u062c \u062a\u0634\u063a\u064a\u0644 \u0627\u0644\u0628\u0631\u0627\u0645\u062c. \u0645\u0639 \u0647\u0630\u0647 \u0627\u0644\u0645\u064a\u0632\u0629\u060c \u064a\u0645\u0643\u0646 \u0623\u0646 \u064a\u0642\u0648\u0645 [&hellip;]\" \/>\n<meta property=\"og:url\" content=\"https:\/\/www.mn-technology.com\/index.php\/product\/gigablue-dual-twin-dvb-c-t2-tuner-pro\/\" \/>\n<meta property=\"og:site_name\" content=\"M N Technology\" \/>\n<meta property=\"og:image\" content=\"http:\/\/www.mn-technology.com\/wp-content\/uploads\/2025\/05\/\u062c\u064a\u062c\u0627\u0628\u0644\u0648-\u0628\u0631\u0648-\u062a\u0648\u064a\u0646\u0631.jpg\" \/>\n\t<meta property=\"og:image:width\" content=\"600\" \/>\n\t<meta property=\"og:image:height\" content=\"600\" \/>\n\t<meta property=\"og:image:type\" content=\"image\/jpeg\" \/>\n<meta name=\"twitter:card\" content=\"summary_large_image\" \/>\n<meta name=\"twitter:label1\" content=\"\u0648\u0642\u062a \u0627\u0644\u0642\u0631\u0627\u0621\u0629 \u0627\u0644\u0645\u064f\u0642\u062f\u0651\u0631\" \/>\n\t<meta name=\"twitter:data1\" content=\"\u062f\u0642\u064a\u0642\u062a\u0627\u0646\" \/>\n<script type=\"application\/ld+json\" class=\"yoast-schema-graph\">{\"@context\":\"https:\/\/schema.org\",\"@graph\":[{\"@type\":\"WebPage\",\"@id\":\"https:\/\/www.mn-technology.com\/index.php\/product\/gigablue-dual-twin-dvb-c-t2-tuner-pro\/\",\"url\":\"https:\/\/www.mn-technology.com\/index.php\/product\/gigablue-dual-twin-dvb-c-t2-tuner-pro\/\",\"name\":\"\u062a\u064a\u0648\u0646\u0631 \u0623\u0631\u0636\u064a \u062a\u0648\u064a\u0646 \u0644\u0631\u0633\u064a\u0641\u0631 \u062c\u064a\u062c\u0627\u0628\u0644\u0648 \u0643\u0648\u0627\u062f \u0628\u0631\u0648 \u0641\u0648\u0631\u0643\u064a GigaBlue Dual\/Twin DVB-C\/T2 Tuner PRO - M N Technology\",\"isPartOf\":{\"@id\":\"https:\/\/www.mn-technology.com\/#website\"},\"datePublished\":\"2025-05-27T11:27:04+00:00\",\"dateModified\":\"2025-05-27T11:27:04+00:00\",\"breadcrumb\":{\"@id\":\"https:\/\/www.mn-technology.com\/index.php\/product\/gigablue-dual-twin-dvb-c-t2-tuner-pro\/#breadcrumb\"},\"inLanguage\":\"ar\",\"potentialAction\":[{\"@type\":\"ReadAction\",\"target\":[\"https:\/\/www.mn-technology.com\/index.php\/product\/gigablue-dual-twin-dvb-c-t2-tuner-pro\/\"]}]},{\"@type\":\"BreadcrumbList\",\"@id\":\"https:\/\/www.mn-technology.com\/index.php\/product\/gigablue-dual-twin-dvb-c-t2-tuner-pro\/#breadcrumb\",\"itemListElement\":[{\"@type\":\"ListItem\",\"position\":1,\"name\":\"\u0627\u0644\u0631\u0626\u064a\u0633\u064a\u0629\",\"item\":\"https:\/\/www.mn-technology.com\/\"},{\"@type\":\"ListItem\",\"position\":2,\"name\":\"Shop\",\"item\":\"https:\/\/www.mn-technology.com\/index.php\/shop\/\"},{\"@type\":\"ListItem\",\"position\":3,\"name\":\"\u062a\u064a\u0648\u0646\u0631 \u0623\u0631\u0636\u064a \u062a\u0648\u064a\u0646 \u0644\u0631\u0633\u064a\u0641\u0631 \u062c\u064a\u062c\u0627\u0628\u0644\u0648 \u0643\u0648\u0627\u062f \u0628\u0631\u0648 \u0641\u0648\u0631\u0643\u064a GigaBlue Dual\/Twin DVB-C\/T2 Tuner PRO\"}]},{\"@type\":\"WebSite\",\"@id\":\"https:\/\/www.mn-technology.com\/#website\",\"url\":\"https:\/\/www.mn-technology.com\/\",\"name\":\"M N Technology\",\"description\":\"\u0627\u0644\u0628\u064a\u0639 \u0628\u0627\u0644\u062a\u062c\u0632\u0626\u0647 \u0648\u0627\u0644\u062c\u0645\u0644\u0629 \u0627\u0644\u0627\u062f\u0648\u0627\u062a \u0627\u0644\u0627\u0644\u0643\u062a\u0631\u0648\u0646\u064a\u0629 \u0648\u0645\u0633\u062a\u0644\u0632\u0645\u0627\u062a\u0647\u0627 \u0648\u0627\u0644\u0627\u0634\u062a\u0631\u0643\u0627\u062a\",\"publisher\":{\"@id\":\"https:\/\/www.mn-technology.com\/#organization\"},\"potentialAction\":[{\"@type\":\"SearchAction\",\"target\":{\"@type\":\"EntryPoint\",\"urlTemplate\":\"https:\/\/www.mn-technology.com\/?s={search_term_string}\"},\"query-input\":\"required name=search_term_string\"}],\"inLanguage\":\"ar\"},{\"@type\":\"Organization\",\"@id\":\"https:\/\/www.mn-technology.com\/#organization\",\"name\":\"M N Technology\",\"url\":\"https:\/\/www.mn-technology.com\/\",\"logo\":{\"@type\":\"ImageObject\",\"inLanguage\":\"ar\",\"@id\":\"https:\/\/www.mn-technology.com\/#\/schema\/logo\/image\/\",\"url\":\"https:\/\/www.mn-technology.com\/wp-content\/uploads\/2021\/11\/logo-2.jpg\",\"contentUrl\":\"https:\/\/www.mn-technology.com\/wp-content\/uploads\/2021\/11\/logo-2.jpg\",\"width\":748,\"height\":544,\"caption\":\"M N Technology\"},\"image\":{\"@id\":\"https:\/\/www.mn-technology.com\/#\/schema\/logo\/image\/\"}}]}<\/script>\n<!-- \/ Yoast SEO plugin. -->","yoast_head_json":{"title":"\u062a\u064a\u0648\u0646\u0631 \u0623\u0631\u0636\u064a \u062a\u0648\u064a\u0646 \u0644\u0631\u0633\u064a\u0641\u0631 \u062c\u064a\u062c\u0627\u0628\u0644\u0648 \u0643\u0648\u0627\u062f \u0628\u0631\u0648 \u0641\u0648\u0631\u0643\u064a GigaBlue Dual\/Twin DVB-C\/T2 Tuner PRO - M N Technology","robots":{"index":"index","follow":"follow","max-snippet":"max-snippet:-1","max-image-preview":"max-image-preview:large","max-video-preview":"max-video-preview:-1"},"canonical":"https:\/\/www.mn-technology.com\/index.php\/product\/gigablue-dual-twin-dvb-c-t2-tuner-pro\/","og_locale":"ar_AR","og_type":"article","og_title":"\u062a\u064a\u0648\u0646\u0631 \u0623\u0631\u0636\u064a \u062a\u0648\u064a\u0646 \u0644\u0631\u0633\u064a\u0641\u0631 \u062c\u064a\u062c\u0627\u0628\u0644\u0648 \u0643\u0648\u0627\u062f \u0628\u0631\u0648 \u0641\u0648\u0631\u0643\u064a GigaBlue Dual\/Twin DVB-C\/T2 Tuner PRO - M N Technology","og_description":"\u0645\u0639\u0644\u0648\u0645\u0627\u062a \u0627\u0644\u0645\u0646\u062a\u062c &#8220;GigaBlue Dual\/Twin DVB-C\/T2 Tuner PRO&#8221; \u0645\u0648\u0627\u0635\u0641\u0627\u062a \u0627\u0644\u0645\u0646\u062a\u062c: \u0645\u0648\u0627\u0644\u0641 \u0627\u062e\u062a\u064a\u0627\u0631\u064a \u0644\u0644\u062a\u0648\u0635\u064a\u0644 \u0648\u0627\u0644\u062a\u0634\u063a\u064a\u0644 \u0627\u0644\u0645\u0632\u062f\u0648\u062c\/\u0627\u0644\u062a\u0648\u0623\u0645 DVB-C\/T2 Pro \u062a\u0645 \u062a\u0635\u0645\u064a\u0645 \u0647\u0630\u0627 \u0627\u0644\u0645\u0648\u0627\u0644\u0641 \u0627\u0644\u0627\u062e\u062a\u064a\u0627\u0631\u064a \u0644\u0644\u062a\u0648\u0635\u064a\u0644 \u0648\u0627\u0644\u062a\u0634\u063a\u064a\u0644 \u062e\u0635\u064a\u0635\u064b\u0627 \u0644\u0637\u0631\u0627\u0632 GigaBlue UHD Quad 4K PRO. \u064a\u062f\u0639\u0645 \u0627\u0644\u0645\u0648\u0627\u0644\u0641 \u0627\u0644\u0645\u0632\u062f\u0648\u062c\/\u0627\u0644\u0645\u0632\u062f\u0648\u062c DVB-C (\u0643\u0627\u0628\u0644) \u0628\u0627\u0644\u0625\u0636\u0627\u0641\u0629 \u0625\u0644\u0649 \u0625\u0634\u0627\u0631\u0629 DVB-T2 (\u0627\u0644\u0623\u0631\u0636\u064a\u0629) \u0648\u064a\u0648\u0641\u0631 \u0627\u0644\u062d\u062f \u0627\u0644\u0623\u0642\u0635\u0649 \u0645\u0646 \u0627\u0644\u0645\u0631\u0648\u0646\u0629 \u0636\u0645\u0646 \u0628\u0631\u0646\u0627\u0645\u062c \u062a\u0634\u063a\u064a\u0644 \u0627\u0644\u0628\u0631\u0627\u0645\u062c. \u0645\u0639 \u0647\u0630\u0647 \u0627\u0644\u0645\u064a\u0632\u0629\u060c \u064a\u0645\u0643\u0646 \u0623\u0646 \u064a\u0642\u0648\u0645 [&hellip;]","og_url":"https:\/\/www.mn-technology.com\/index.php\/product\/gigablue-dual-twin-dvb-c-t2-tuner-pro\/","og_site_name":"M N Technology","og_image":[{"width":600,"height":600,"url":"http:\/\/www.mn-technology.com\/wp-content\/uploads\/2025\/05\/\u062c\u064a\u062c\u0627\u0628\u0644\u0648-\u0628\u0631\u0648-\u062a\u0648\u064a\u0646\u0631.jpg","type":"image\/jpeg"}],"twitter_card":"summary_large_image","twitter_misc":{"\u0648\u0642\u062a \u0627\u0644\u0642\u0631\u0627\u0621\u0629 \u0627\u0644\u0645\u064f\u0642\u062f\u0651\u0631":"\u062f\u0642\u064a\u0642\u062a\u0627\u0646"},"schema":{"@context":"https:\/\/schema.org","@graph":[{"@type":"WebPage","@id":"https:\/\/www.mn-technology.com\/index.php\/product\/gigablue-dual-twin-dvb-c-t2-tuner-pro\/","url":"https:\/\/www.mn-technology.com\/index.php\/product\/gigablue-dual-twin-dvb-c-t2-tuner-pro\/","name":"\u062a\u064a\u0648\u0646\u0631 \u0623\u0631\u0636\u064a \u062a\u0648\u064a\u0646 \u0644\u0631\u0633\u064a\u0641\u0631 \u062c\u064a\u062c\u0627\u0628\u0644\u0648 \u0643\u0648\u0627\u062f \u0628\u0631\u0648 \u0641\u0648\u0631\u0643\u064a GigaBlue Dual\/Twin DVB-C\/T2 Tuner PRO - M N Technology","isPartOf":{"@id":"https:\/\/www.mn-technology.com\/#website"},"datePublished":"2025-05-27T11:27:04+00:00","dateModified":"2025-05-27T11:27:04+00:00","breadcrumb":{"@id":"https:\/\/www.mn-technology.com\/index.php\/product\/gigablue-dual-twin-dvb-c-t2-tuner-pro\/#breadcrumb"},"inLanguage":"ar","potentialAction":[{"@type":"ReadAction","target":["https:\/\/www.mn-technology.com\/index.php\/product\/gigablue-dual-twin-dvb-c-t2-tuner-pro\/"]}]},{"@type":"BreadcrumbList","@id":"https:\/\/www.mn-technology.com\/index.php\/product\/gigablue-dual-twin-dvb-c-t2-tuner-pro\/#breadcrumb","itemListElement":[{"@type":"ListItem","position":1,"name":"\u0627\u0644\u0631\u0626\u064a\u0633\u064a\u0629","item":"https:\/\/www.mn-technology.com\/"},{"@type":"ListItem","position":2,"name":"Shop","item":"https:\/\/www.mn-technology.com\/index.php\/shop\/"},{"@type":"ListItem","position":3,"name":"\u062a\u064a\u0648\u0646\u0631 \u0623\u0631\u0636\u064a \u062a\u0648\u064a\u0646 \u0644\u0631\u0633\u064a\u0641\u0631 \u062c\u064a\u062c\u0627\u0628\u0644\u0648 \u0643\u0648\u0627\u062f \u0628\u0631\u0648 \u0641\u0648\u0631\u0643\u064a GigaBlue Dual\/Twin DVB-C\/T2 Tuner PRO"}]},{"@type":"WebSite","@id":"https:\/\/www.mn-technology.com\/#website","url":"https:\/\/www.mn-technology.com\/","name":"M N Technology","description":"\u0627\u0644\u0628\u064a\u0639 \u0628\u0627\u0644\u062a\u062c\u0632\u0626\u0647 \u0648\u0627\u0644\u062c\u0645\u0644\u0629 \u0627\u0644\u0627\u062f\u0648\u0627\u062a \u0627\u0644\u0627\u0644\u0643\u062a\u0631\u0648\u0646\u064a\u0629 \u0648\u0645\u0633\u062a\u0644\u0632\u0645\u0627\u062a\u0647\u0627 \u0648\u0627\u0644\u0627\u0634\u062a\u0631\u0643\u0627\u062a","publisher":{"@id":"https:\/\/www.mn-technology.com\/#organization"},"potentialAction":[{"@type":"SearchAction","target":{"@type":"EntryPoint","urlTemplate":"https:\/\/www.mn-technology.com\/?s={search_term_string}"},"query-input":"required name=search_term_string"}],"inLanguage":"ar"},{"@type":"Organization","@id":"https:\/\/www.mn-technology.com\/#organization","name":"M N Technology","url":"https:\/\/www.mn-technology.com\/","logo":{"@type":"ImageObject","inLanguage":"ar","@id":"https:\/\/www.mn-technology.com\/#\/schema\/logo\/image\/","url":"https:\/\/www.mn-technology.com\/wp-content\/uploads\/2021\/11\/logo-2.jpg","contentUrl":"https:\/\/www.mn-technology.com\/wp-content\/uploads\/2021\/11\/logo-2.jpg","width":748,"height":544,"caption":"M N Technology"},"image":{"@id":"https:\/\/www.mn-technology.com\/#\/schema\/logo\/image\/"}}]}},"_links":{"self":[{"href":"https:\/\/www.mn-technology.com\/index.php\/wp-json\/wp\/v2\/product\/2036"}],"collection":[{"href":"https:\/\/www.mn-technology.com\/index.php\/wp-json\/wp\/v2\/product"}],"about":[{"href":"https:\/\/www.mn-technology.com\/index.php\/wp-json\/wp\/v2\/types\/product"}],"replies":[{"embeddable":true,"href":"https:\/\/www.mn-technology.com\/index.php\/wp-json\/wp\/v2\/comments?post=2036"}],"wp:featuredmedia":[{"embeddable":true,"href":"https:\/\/www.mn-technology.com\/index.php\/wp-json\/wp\/v2\/media\/2037"}],"wp:attachment":[{"href":"https:\/\/www.mn-technology.com\/index.php\/wp-json\/wp\/v2\/media?parent=2036"}],"wp:term":[{"taxonomy":"product_cat","embeddable":true,"href":"https:\/\/www.mn-technology.com\/index.php\/wp-json\/wp\/v2\/product_cat?post=2036"},{"taxonomy":"product_tag","embeddable":true,"href":"https:\/\/www.mn-technology.com\/index.php\/wp-json\/wp\/v2\/product_tag?post=2036"}],"curies":[{"name":"wp","href":"https:\/\/api.w.org\/{rel}","templated":true}]}}